{"id":3413,"date":"2018-04-17T01:39:58","date_gmt":"2018-04-17T06:39:58","guid":{"rendered":"http:\/\/www.directoryone.com\/blog\/?page_id=3413"},"modified":"2025-04-17T13:13:11","modified_gmt":"2025-04-17T18:13:11","slug":"spanish-website-design","status":"publish","type":"page","link":"https:\/\/www.directoryone.com\/blog\/spanish-website-design.html","title":{"rendered":"Spanish Website Design"},"content":{"rendered":"<h1>MERCADEO DE LOS MOTORES DE B\u00daSQUEDA PARA SU BENEFICIO.<\/h1>\n<p>\u00bfPor que Directory One?<\/p>\n<p>En nuestra opini\u00f3n, nosotros triunfamos cuando usted tiene \u00e9xito. Suena como una frase trillada pero es algo que tomamos a pecho. Hemos facilitado servicios de mercadeo para los motores de b\u00fasqueda y optimizaci\u00f3n para las p\u00e1gina de web desde 1997.Y a\u00fan retenemos nuestro primer cliente. Para nosotros, eso significa todo.<\/p>\n<p>\u00bfSe ha dado cuenta cuando uno realiza una b\u00fasqueda y hay un website en particular que ve repetidamente-y no se puede ignorar por que se encuentra por todo el Internet? As\u00ed son los resultados que le dar\u00e1 Directory One.<\/p>\n<h1>SERVICIOS PARA MERCADEO DE LOS MOTORES DE B\u00daSQUEDA (SEM)<\/h1>\n<p>Directory One ofrece mercadeo de su website y una optimizaci\u00f3n de b\u00fasqueda sistematizada lo cual se refiere como el SEO, y administraci\u00f3n de una campa\u00f1a PPC (cliqueados pagados) en un paquete integral dise\u00f1ado para aumentar sus ganancias.<\/p>\n<p>Con cada servicio para mercadeo de los motores de b\u00fasqueda sus beneficios ser\u00e1n:<\/p>\n<ul>\n<li>Tr\u00e1fico dirigido espec\u00edficamente a su website.<\/li>\n<li>Una mejor identificaci\u00f3n y visibilidad para su producto mientras su website se va incluyendo dentro losmotores de b\u00fasqueda.<\/li>\n<li>Reportaje de datos estad\u00edsticos.<\/li>\n<li>Consultas sobre la utilidad y porcentaje de conversi\u00f3n de su website.<\/li>\n<\/ul>\n<h1>EL MODO DE D1<\/h1>\n<p>Con respecto a el paquete de mercadeo de b\u00fasqueda que usted escoge, Directory One siempre seguir\u00e1 las rigurosas directivas de b\u00fasquedas para asegurar que su website se optimizar\u00e1 usando \u00fanicamentelos m\u00e9todos de b\u00fasqueda \u00e9ticos. Nosotros observamos estrictamente las normas de conducta de Googlecon respecto a la optimizaci\u00f3n de los motores de b\u00fasqueda (SEO).<\/p>\n<p>Informaci\u00f3n general sobre los Paquetes de Mercadeo de los Motores de B\u00fasqueda.<\/p>\n<p>Nivel de Bronce (SEM) &#8211; Un plan econ\u00f3mico pero efectivo para aumentar su presencia en el Internet. Incluye una consulta inicial y un an\u00e1lisis de su website y su mercado objetivo. Nosotros manejamos su campa\u00f1a de cliqueados pagados y enlaces patrocinados con un mantenimiento continuo de los c\u00f3digos de su website, meta tags, aumento de sus enlaces y el desarrollo de su contenido para asegurar una optimizaci\u00f3n en curso.<\/p>\n<p><strong>Nivel de Plata (SEM)<\/strong> &#8211; Incluye la optimizaci\u00f3n de 30 p\u00e1ginas para obtener la mejor posici\u00f3n para sus frases de clave dentro de los resultados de la b\u00fasqueda sistematizada. Caracter\u00edsticas incluidas son el mantenimiento de la campa\u00f1a de los (PPC ) cliqeados pagados, optimizaci\u00f3n de su contenido, inclusi\u00f3n en los directorios pagados, avisos de prensa y sindicatos noticieros, documentaci\u00f3n de conversi\u00f3n y mucho mas.<\/p>\n<p><strong>Nivel de Oro (SEM)<\/strong> &#8211; Una campa\u00f1a de b\u00fasqueda comprensiva que incluye una extensa estrategia para optimizar las b\u00fasquedas sistematizadas y mercadeo de los cliqueados pagados particulares. La campa\u00f1a adem\u00e1s incluye reportajes detallados, a\u00f1adidura de p\u00e1ginas adicionales de web, todos los costos para la implementaci\u00f3n de la campa\u00f1a PPC y administraci\u00f3n continua de tal, consulta sobre las b\u00fasquedas algor\u00edtmicas, inclusi\u00f3n en los resultados pagados de Yahoo, bCentral y Business.com, procuraci\u00f3n de data al d\u00eda, avisos de prensa trimestrales, y un a\u00f1o entero de abonaci\u00f3n en el programa de lealtadpara nuestros clientes.<\/p>\n<p><strong>Nivel de Platino (SEM)<\/strong> &#8211; UD. comprender\u00e1 que el trafico produce negocios y eso resulta en la aumentaci\u00f3n de sus ganancias. Sin embargo creando trafico para su website es algo mas que un concepto mono-dimensional. Un mercadeo de b\u00fasqueda eficaz es un proceso complejo,en particular cuando se trata de industrias en competencia. Para tener \u00e9xito se requiere una combinada campa\u00f1a de b\u00fasquedas sistematizadas y pagadas (PPC), administraci\u00f3n de el contenido, adem\u00e1suna extensa campa\u00f1a informativa de relaciones publicas. Adem\u00e1s se requiere una administraci\u00f3n seguida usando las utilidades y t\u00e9cnicas necesarias para mejorar su visibilidad dentro de las b\u00fasquedas de MSN, Yahoo, Google, etc.<\/p>\n<p>Adem\u00e1s ofrecemos administraci\u00f3n de su campa\u00f1a PPC para Yahoo y Google, y un an\u00e1lisis sobre la utilidad de su website.<\/p>\n<p>\u00a1Llame hoy para solucionar el mercadeo de los motores de b\u00fasqueda, SEO optimizaci\u00f3n de su website!<\/p>\n<p>\u00bfNecesita saber mas?<\/p>\n<p>Por favor refieres a las siguientes paginas:<\/p>\n<ul>\n<li>C\u00f3digos de \u00e9ticas del SEO<\/li>\n<li>Preguntas comunes sobre el mercadeo de los motores de b\u00fasquedas.<\/li>\n<li>Testimonios sobre SEO<\/li>\n<\/ul>\n<p>Dise\u00f1o y Desarrollo de P\u00e1ginas de Web en Houston<\/p>\n<p>Dise\u00f1o de P\u00e1ginas Web, Hospedaje y Optimizaci\u00f3n de los Motores de B\u00fasqueda en la Ciudad de Houston<\/p>\n<p>Cualquier pregunta, p\u00f3ngase en contacto con nosotros:<\/p>\n<p>Local: 713-465-0051<\/p>\n<p>9135 Katy Freeway, Suite 204, Houston, TX 77024<\/p>\n","protected":false},"excerpt":{"rendered":"<p>MERCADEO DE LOS MOTORES DE B\u00daSQUEDA PARA SU BENEFICIO. \u00bfPor que Directory One? En nuestra opini\u00f3n, nosotros triunfamos cuando usted tiene \u00e9xito. Suena como una frase trillada pero es algo que tomamos a pecho. Hemos facilitado servicios de mercadeo para los motores de b\u00fasqueda y optimizaci\u00f3n para las p\u00e1gina de web desde 1997.Y a\u00fan retenemos nuestro primer cliente. Para nosotros, eso significa todo. \u00bfSe ha dado cuenta cuando uno realiza una b\u00fasqueda y hay un website en particular que ve repetidamente-y no se puede ignorar por que se encuentra por todo el Internet? As\u00ed son los resultados que le dar\u00e1 Directory One. SERVICIOS PARA MERCADEO DE LOS MOTORES DE B\u00daSQUEDA (SEM) Directory One ofrece mercadeo de su website y una optimizaci\u00f3n de b\u00fasqueda sistematizada lo cual se refiere como el SEO, y administraci\u00f3n de una campa\u00f1a PPC (cliqueados pagados) en un paquete integral dise\u00f1ado para aumentar sus ganancias. Con cada servicio para mercadeo de los motores de b\u00fasqueda sus beneficios ser\u00e1n: Tr\u00e1fico dirigido espec\u00edficamente a su website. Una mejor identificaci\u00f3n y visibilidad para su producto mientras su website se va incluyendo dentro losmotores de b\u00fasqueda. Reportaje de datos estad\u00edsticos. Consultas sobre la utilidad y porcentaje de conversi\u00f3n de su website.<\/p>\n","protected":false},"author":1,"featured_media":0,"parent":0,"menu_order":0,"comment_status":"closed","ping_status":"closed","template":"","meta":{"footnotes":""},"class_list":["post-3413","page","type-page","status-publish","hentry"],"yoast_head":"<!-- This site is optimized with the Yoast SEO plugin v27.2 - https:\/\/yoast.com\/product\/yoast-seo-wordpress\/ -->\n<title>Spanish Website Design for Better Audience Engagement<\/title>\n<meta name=\"description\" content=\"Learn the benefits of Spanish website design to reach a broader audience, improve user experience, and expand your business in Spanish-speaking markets.\" \/>\n<meta name=\"robots\" content=\"index, follow, max-snippet:-1, max-image-preview:large, max-video-preview:-1\" \/>\n<link rel=\"canonical\" href=\"https:\/\/www.directoryone.com\/blog\/spanish-website-design.html\" \/>\n<meta property=\"og:locale\" content=\"en_US\" \/>\n<meta property=\"og:type\" content=\"article\" \/>\n<meta property=\"og:title\" content=\"Spanish Website Design for Better Audience Engagement\" \/>\n<meta property=\"og:description\" content=\"Learn the benefits of Spanish website design to reach a broader audience, improve user experience, and expand your business in Spanish-speaking markets.\" \/>\n<meta property=\"og:url\" content=\"https:\/\/www.directoryone.com\/blog\/spanish-website-design.html\" \/>\n<meta property=\"og:site_name\" content=\"Search Engine Marketing &amp; Optimization Blog\" \/>\n<meta property=\"article:modified_time\" content=\"2025-04-17T18:13:11+00:00\" \/>\n<meta name=\"twitter:card\" content=\"summary_large_image\" \/>\n<meta name=\"twitter:label1\" content=\"Est. reading time\" \/>\n\t<meta name=\"twitter:data1\" content=\"4 minutes\" \/>\n<script type=\"application\/ld+json\" class=\"yoast-schema-graph\">{\"@context\":\"https:\/\/schema.org\",\"@graph\":[{\"@type\":\"WebPage\",\"@id\":\"https:\/\/www.directoryone.com\/blog\/spanish-website-design.html\",\"url\":\"https:\/\/www.directoryone.com\/blog\/spanish-website-design.html\",\"name\":\"Spanish Website Design for Better Audience Engagement\",\"isPartOf\":{\"@id\":\"https:\/\/www.directoryone.com\/blog\/#website\"},\"datePublished\":\"2018-04-17T06:39:58+00:00\",\"dateModified\":\"2025-04-17T18:13:11+00:00\",\"description\":\"Learn the benefits of Spanish website design to reach a broader audience, improve user experience, and expand your business in Spanish-speaking markets.\",\"breadcrumb\":{\"@id\":\"https:\/\/www.directoryone.com\/blog\/spanish-website-design.html#breadcrumb\"},\"inLanguage\":\"en-US\",\"potentialAction\":[{\"@type\":\"ReadAction\",\"target\":[\"https:\/\/www.directoryone.com\/blog\/spanish-website-design.html\"]}]},{\"@type\":\"BreadcrumbList\",\"@id\":\"https:\/\/www.directoryone.com\/blog\/spanish-website-design.html#breadcrumb\",\"itemListElement\":[{\"@type\":\"ListItem\",\"position\":1,\"name\":\"Home\",\"item\":\"https:\/\/www.directoryone.com\/blog\"},{\"@type\":\"ListItem\",\"position\":2,\"name\":\"Spanish Website Design\"}]},{\"@type\":\"WebSite\",\"@id\":\"https:\/\/www.directoryone.com\/blog\/#website\",\"url\":\"https:\/\/www.directoryone.com\/blog\/\",\"name\":\"Search Engine Marketing &amp; Optimization Blog\",\"description\":\"Directory One\",\"potentialAction\":[{\"@type\":\"SearchAction\",\"target\":{\"@type\":\"EntryPoint\",\"urlTemplate\":\"https:\/\/www.directoryone.com\/blog\/?s={search_term_string}\"},\"query-input\":{\"@type\":\"PropertyValueSpecification\",\"valueRequired\":true,\"valueName\":\"search_term_string\"}}],\"inLanguage\":\"en-US\"}]}<\/script>\n<!-- \/ Yoast SEO plugin. -->","yoast_head_json":{"title":"Spanish Website Design for Better Audience Engagement","description":"Learn the benefits of Spanish website design to reach a broader audience, improve user experience, and expand your business in Spanish-speaking markets.","robots":{"index":"index","follow":"follow","max-snippet":"max-snippet:-1","max-image-preview":"max-image-preview:large","max-video-preview":"max-video-preview:-1"},"canonical":"https:\/\/www.directoryone.com\/blog\/spanish-website-design.html","og_locale":"en_US","og_type":"article","og_title":"Spanish Website Design for Better Audience Engagement","og_description":"Learn the benefits of Spanish website design to reach a broader audience, improve user experience, and expand your business in Spanish-speaking markets.","og_url":"https:\/\/www.directoryone.com\/blog\/spanish-website-design.html","og_site_name":"Search Engine Marketing &amp; Optimization Blog","article_modified_time":"2025-04-17T18:13:11+00:00","twitter_card":"summary_large_image","twitter_misc":{"Est. reading time":"4 minutes"},"schema":{"@context":"https:\/\/schema.org","@graph":[{"@type":"WebPage","@id":"https:\/\/www.directoryone.com\/blog\/spanish-website-design.html","url":"https:\/\/www.directoryone.com\/blog\/spanish-website-design.html","name":"Spanish Website Design for Better Audience Engagement","isPartOf":{"@id":"https:\/\/www.directoryone.com\/blog\/#website"},"datePublished":"2018-04-17T06:39:58+00:00","dateModified":"2025-04-17T18:13:11+00:00","description":"Learn the benefits of Spanish website design to reach a broader audience, improve user experience, and expand your business in Spanish-speaking markets.","breadcrumb":{"@id":"https:\/\/www.directoryone.com\/blog\/spanish-website-design.html#breadcrumb"},"inLanguage":"en-US","potentialAction":[{"@type":"ReadAction","target":["https:\/\/www.directoryone.com\/blog\/spanish-website-design.html"]}]},{"@type":"BreadcrumbList","@id":"https:\/\/www.directoryone.com\/blog\/spanish-website-design.html#breadcrumb","itemListElement":[{"@type":"ListItem","position":1,"name":"Home","item":"https:\/\/www.directoryone.com\/blog"},{"@type":"ListItem","position":2,"name":"Spanish Website Design"}]},{"@type":"WebSite","@id":"https:\/\/www.directoryone.com\/blog\/#website","url":"https:\/\/www.directoryone.com\/blog\/","name":"Search Engine Marketing &amp; Optimization Blog","description":"Directory One","potentialAction":[{"@type":"SearchAction","target":{"@type":"EntryPoint","urlTemplate":"https:\/\/www.directoryone.com\/blog\/?s={search_term_string}"},"query-input":{"@type":"PropertyValueSpecification","valueRequired":true,"valueName":"search_term_string"}}],"inLanguage":"en-US"}]}},"_links":{"self":[{"href":"https:\/\/www.directoryone.com\/blog\/wp-json\/wp\/v2\/pages\/3413","targetHints":{"allow":["GET"]}}],"collection":[{"href":"https:\/\/www.directoryone.com\/blog\/wp-json\/wp\/v2\/pages"}],"about":[{"href":"https:\/\/www.directoryone.com\/blog\/wp-json\/wp\/v2\/types\/page"}],"author":[{"embeddable":true,"href":"https:\/\/www.directoryone.com\/blog\/wp-json\/wp\/v2\/users\/1"}],"replies":[{"embeddable":true,"href":"https:\/\/www.directoryone.com\/blog\/wp-json\/wp\/v2\/comments?post=3413"}],"version-history":[{"count":2,"href":"https:\/\/www.directoryone.com\/blog\/wp-json\/wp\/v2\/pages\/3413\/revisions"}],"predecessor-version":[{"id":4457,"href":"https:\/\/www.directoryone.com\/blog\/wp-json\/wp\/v2\/pages\/3413\/revisions\/4457"}],"wp:attachment":[{"href":"https:\/\/www.directoryone.com\/blog\/wp-json\/wp\/v2\/media?parent=3413"}],"curies":[{"name":"wp","href":"https:\/\/api.w.org\/{rel}","templated":true}]}}